{"id":38,"date":"2020-06-18T13:58:37","date_gmt":"2020-06-18T11:58:37","guid":{"rendered":"https:\/\/2020.berlinpedalbattle.de\/?page_id=38"},"modified":"2023-04-17T18:49:21","modified_gmt":"2023-04-17T16:49:21","slug":"home","status":"publish","type":"page","link":"https:\/\/2020.berlinpedalbattle.de\/","title":{"rendered":"Home"},"content":{"rendered":"\n<h2>Die leg\u00e4nd\u00e4re Rittersportveranstaltung mit und auf Fahrr\u00e4dern!<\/h2>\n\n\n\n<div class=\"wp-container-2 wp-block-columns\">\n<div class=\"wp-container-1 wp-block-column\" style=\"flex-basis:100%\"><\/div>\n<\/div>\n\n\n<ul class=\"wp-block-latest-posts__list wp-block-latest-posts\"><li><a class=\"wp-block-latest-posts__post-title\" href=\"https:\/\/2020.berlinpedalbattle.de\/?p=918\">14. B\u00e4rlin Ped\u00e4l B\u00e4ttle 2026<\/a><div class=\"wp-block-latest-posts__post-full-content\"><!-- wp:image {\"id\":919,\"sizeSlug\":\"large\",\"linkDestination\":\"none\"} -->\n<figure class=\"wp-block-image size-large\"><img fetchpriority=\"high\" width=\"771\" height=\"1024\" src=\"https:\/\/2020.berlinpedalbattle.de\/wp-content\/uploads\/2026\/02\/Ankuendigung-771x1024.jpg\" alt=\"\" class=\"wp-image-919\" srcset=\"https:\/\/2020.berlinpedalbattle.de\/wp-content\/uploads\/2026\/02\/Ankuendigung-771x1024.jpg 771w, https:\/\/2020.berlinpedalbattle.de\/wp-content\/uploads\/2026\/02\/Ankuendigung-226x300.jpg 226w, https:\/\/2020.berlinpedalbattle.de\/wp-content\/uploads\/2026\/02\/Ankuendigung-768x1020.jpg 768w, https:\/\/2020.berlinpedalbattle.de\/wp-content\/uploads\/2026\/02\/Ankuendigung-600x797.jpg 600w, https:\/\/2020.berlinpedalbattle.de\/wp-content\/uploads\/2026\/02\/Ankuendigung.jpg 964w\" sizes=\"(max-width: 771px) 100vw, 771px\" \/><\/figure>\n<!-- \/wp:image --><\/div><\/li>\n<\/ul>\n\n\n<hr class=\"wp-block-separator has-css-opacity\"\/>\n\n\n\n<h2 class=\"has-text-align-center\">Aktuelle Nachrichten<\/h2>\n\n\n<ul class=\"wp-block-latest-posts__list has-dates wp-block-latest-posts\"><li><a class=\"wp-block-latest-posts__post-title\" href=\"https:\/\/2020.berlinpedalbattle.de\/?p=918\">14. B\u00e4rlin Ped\u00e4l B\u00e4ttle 2026<\/a><time datetime=\"2026-02-02T12:31:38+01:00\" class=\"wp-block-latest-posts__post-date\">2. Februar 2026<\/time><\/li>\n<li><a class=\"wp-block-latest-posts__post-title\" href=\"https:\/\/2020.berlinpedalbattle.de\/?p=907\">Anreiseinformationen<\/a><time datetime=\"2025-09-18T16:35:06+02:00\" class=\"wp-block-latest-posts__post-date\">18. September 2025<\/time><\/li>\n<li><a class=\"wp-block-latest-posts__post-title\" href=\"https:\/\/2020.berlinpedalbattle.de\/?p=833\">Neue Trailer f\u00fcr das BerlinPed\u00e4lB\u00e4ttle 2025<\/a><time datetime=\"2025-07-19T12:39:55+02:00\" class=\"wp-block-latest-posts__post-date\">19. Juli 2025<\/time><\/li>\n<\/ul>","protected":false},"excerpt":{"rendered":"<p>Die leg\u00e4nd\u00e4re Rittersportveranstaltung mit und auf Fahrr\u00e4dern! Aktuelle Nachrichten<\/p>\n","protected":false},"author":1,"featured_media":0,"parent":0,"menu_order":0,"comment_status":"closed","ping_status":"closed","template":"","meta":{"ngg_post_thumbnail":0},"yoast_head":"<!-- This site is optimized with the Yoast SEO plugin v20.5 - https:\/\/yoast.com\/wordpress\/plugins\/seo\/ -->\n<title>Home - B\u00e4rlin Ped\u00e4l B\u00e4ttle<\/title>\n<meta name=\"robots\" content=\"index, follow, max-snippet:-1, max-image-preview:large, max-video-preview:-1\" \/>\n<link rel=\"canonical\" href=\"https:\/\/2020.berlinpedalbattle.de\/\" \/>\n<meta property=\"og:locale\" content=\"de_DE\" \/>\n<meta property=\"og:type\" content=\"article\" \/>\n<meta property=\"og:title\" content=\"Home - B\u00e4rlin Ped\u00e4l B\u00e4ttle\" \/>\n<meta property=\"og:description\" content=\"Die leg\u00e4nd\u00e4re Rittersportveranstaltung mit und auf Fahrr\u00e4dern! Aktuelle Nachrichten\" \/>\n<meta property=\"og:url\" content=\"https:\/\/2020.berlinpedalbattle.de\/\" \/>\n<meta property=\"og:site_name\" content=\"B\u00e4rlin Ped\u00e4l B\u00e4ttle\" \/>\n<meta property=\"article:publisher\" content=\"https:\/\/www.facebook.com\/BerlinPedalBattle\" \/>\n<meta property=\"article:modified_time\" content=\"2023-04-17T16:49:21+00:00\" \/>\n<meta name=\"twitter:card\" content=\"summary_large_image\" \/>\n<meta name=\"twitter:label1\" content=\"Gesch\u00e4tzte Lesezeit\" \/>\n\t<meta name=\"twitter:data1\" content=\"1\u00a0Minute\" \/>\n<script type=\"application\/ld+json\" class=\"yoast-schema-graph\">{\"@context\":\"https:\/\/schema.org\",\"@graph\":[{\"@type\":\"WebPage\",\"@id\":\"https:\/\/2020.berlinpedalbattle.de\/\",\"url\":\"https:\/\/2020.berlinpedalbattle.de\/\",\"name\":\"Home - B\u00e4rlin Ped\u00e4l B\u00e4ttle\",\"isPartOf\":{\"@id\":\"https:\/\/2020.berlinpedalbattle.de\/#website\"},\"datePublished\":\"2020-06-18T11:58:37+00:00\",\"dateModified\":\"2023-04-17T16:49:21+00:00\",\"breadcrumb\":{\"@id\":\"https:\/\/2020.berlinpedalbattle.de\/#breadcrumb\"},\"inLanguage\":\"de\",\"potentialAction\":[{\"@type\":\"ReadAction\",\"target\":[\"https:\/\/2020.berlinpedalbattle.de\/\"]}]},{\"@type\":\"BreadcrumbList\",\"@id\":\"https:\/\/2020.berlinpedalbattle.de\/#breadcrumb\",\"itemListElement\":[{\"@type\":\"ListItem\",\"position\":1,\"name\":\"Startseite\",\"item\":\"https:\/\/2020.berlinpedalbattle.de\/\"},{\"@type\":\"ListItem\",\"position\":2,\"name\":\"Home\"}]},{\"@type\":\"WebSite\",\"@id\":\"https:\/\/2020.berlinpedalbattle.de\/#website\",\"url\":\"https:\/\/2020.berlinpedalbattle.de\/\",\"name\":\"B\u00e4rlin Ped\u00e4l B\u00e4ttle\",\"description\":\"Eine weitere WordPress-Website\",\"publisher\":{\"@id\":\"https:\/\/2020.berlinpedalbattle.de\/#organization\"},\"potentialAction\":[{\"@type\":\"SearchAction\",\"target\":{\"@type\":\"EntryPoint\",\"urlTemplate\":\"https:\/\/2020.berlinpedalbattle.de\/?s={search_term_string}\"},\"query-input\":\"required name=search_term_string\"}],\"inLanguage\":\"de\"},{\"@type\":\"Organization\",\"@id\":\"https:\/\/2020.berlinpedalbattle.de\/#organization\",\"name\":\"B\u00e4rlin Ped\u00e4l B\u00e4ttle e.V.\",\"url\":\"https:\/\/2020.berlinpedalbattle.de\/\",\"logo\":{\"@type\":\"ImageObject\",\"inLanguage\":\"de\",\"@id\":\"https:\/\/2020.berlinpedalbattle.de\/#\/schema\/logo\/image\/\",\"url\":\"https:\/\/2020.berlinpedalbattle.de\/wp-content\/uploads\/2020\/06\/logo__glow.png\",\"contentUrl\":\"https:\/\/2020.berlinpedalbattle.de\/wp-content\/uploads\/2020\/06\/logo__glow.png\",\"width\":720,\"height\":720,\"caption\":\"B\u00e4rlin Ped\u00e4l B\u00e4ttle e.V.\"},\"image\":{\"@id\":\"https:\/\/2020.berlinpedalbattle.de\/#\/schema\/logo\/image\/\"},\"sameAs\":[\"https:\/\/www.facebook.com\/BerlinPedalBattle\"]}]}<\/script>\n<!-- \/ Yoast SEO plugin. -->","yoast_head_json":{"title":"Home - B\u00e4rlin Ped\u00e4l B\u00e4ttle","robots":{"index":"index","follow":"follow","max-snippet":"max-snippet:-1","max-image-preview":"max-image-preview:large","max-video-preview":"max-video-preview:-1"},"canonical":"https:\/\/2020.berlinpedalbattle.de\/","og_locale":"de_DE","og_type":"article","og_title":"Home - B\u00e4rlin Ped\u00e4l B\u00e4ttle","og_description":"Die leg\u00e4nd\u00e4re Rittersportveranstaltung mit und auf Fahrr\u00e4dern! Aktuelle Nachrichten","og_url":"https:\/\/2020.berlinpedalbattle.de\/","og_site_name":"B\u00e4rlin Ped\u00e4l B\u00e4ttle","article_publisher":"https:\/\/www.facebook.com\/BerlinPedalBattle","article_modified_time":"2023-04-17T16:49:21+00:00","twitter_card":"summary_large_image","twitter_misc":{"Gesch\u00e4tzte Lesezeit":"1\u00a0Minute"},"schema":{"@context":"https:\/\/schema.org","@graph":[{"@type":"WebPage","@id":"https:\/\/2020.berlinpedalbattle.de\/","url":"https:\/\/2020.berlinpedalbattle.de\/","name":"Home - B\u00e4rlin Ped\u00e4l B\u00e4ttle","isPartOf":{"@id":"https:\/\/2020.berlinpedalbattle.de\/#website"},"datePublished":"2020-06-18T11:58:37+00:00","dateModified":"2023-04-17T16:49:21+00:00","breadcrumb":{"@id":"https:\/\/2020.berlinpedalbattle.de\/#breadcrumb"},"inLanguage":"de","potentialAction":[{"@type":"ReadAction","target":["https:\/\/2020.berlinpedalbattle.de\/"]}]},{"@type":"BreadcrumbList","@id":"https:\/\/2020.berlinpedalbattle.de\/#breadcrumb","itemListElement":[{"@type":"ListItem","position":1,"name":"Startseite","item":"https:\/\/2020.berlinpedalbattle.de\/"},{"@type":"ListItem","position":2,"name":"Home"}]},{"@type":"WebSite","@id":"https:\/\/2020.berlinpedalbattle.de\/#website","url":"https:\/\/2020.berlinpedalbattle.de\/","name":"B\u00e4rlin Ped\u00e4l B\u00e4ttle","description":"Eine weitere WordPress-Website","publisher":{"@id":"https:\/\/2020.berlinpedalbattle.de\/#organization"},"potentialAction":[{"@type":"SearchAction","target":{"@type":"EntryPoint","urlTemplate":"https:\/\/2020.berlinpedalbattle.de\/?s={search_term_string}"},"query-input":"required name=search_term_string"}],"inLanguage":"de"},{"@type":"Organization","@id":"https:\/\/2020.berlinpedalbattle.de\/#organization","name":"B\u00e4rlin Ped\u00e4l B\u00e4ttle e.V.","url":"https:\/\/2020.berlinpedalbattle.de\/","logo":{"@type":"ImageObject","inLanguage":"de","@id":"https:\/\/2020.berlinpedalbattle.de\/#\/schema\/logo\/image\/","url":"https:\/\/2020.berlinpedalbattle.de\/wp-content\/uploads\/2020\/06\/logo__glow.png","contentUrl":"https:\/\/2020.berlinpedalbattle.de\/wp-content\/uploads\/2020\/06\/logo__glow.png","width":720,"height":720,"caption":"B\u00e4rlin Ped\u00e4l B\u00e4ttle e.V."},"image":{"@id":"https:\/\/2020.berlinpedalbattle.de\/#\/schema\/logo\/image\/"},"sameAs":["https:\/\/www.facebook.com\/BerlinPedalBattle"]}]}},"_links":{"self":[{"href":"https:\/\/2020.berlinpedalbattle.de\/index.php?rest_route=\/wp\/v2\/pages\/38"}],"collection":[{"href":"https:\/\/2020.berlinpedalbattle.de\/index.php?rest_route=\/wp\/v2\/pages"}],"about":[{"href":"https:\/\/2020.berlinpedalbattle.de\/index.php?rest_route=\/wp\/v2\/types\/page"}],"author":[{"embeddable":true,"href":"https:\/\/2020.berlinpedalbattle.de\/index.php?rest_route=\/wp\/v2\/users\/1"}],"replies":[{"embeddable":true,"href":"https:\/\/2020.berlinpedalbattle.de\/index.php?rest_route=%2Fwp%2Fv2%2Fcomments&post=38"}],"version-history":[{"count":32,"href":"https:\/\/2020.berlinpedalbattle.de\/index.php?rest_route=\/wp\/v2\/pages\/38\/revisions"}],"predecessor-version":[{"id":529,"href":"https:\/\/2020.berlinpedalbattle.de\/index.php?rest_route=\/wp\/v2\/pages\/38\/revisions\/529"}],"wp:attachment":[{"href":"https:\/\/2020.berlinpedalbattle.de\/index.php?rest_route=%2Fwp%2Fv2%2Fmedia&parent=38"}],"curies":[{"name":"wp","href":"https:\/\/api.w.org\/{rel}","templated":true}]}}